{"id":2800,"date":"2015-02-01T09:00:31","date_gmt":"2015-02-01T08:00:31","guid":{"rendered":"https:\/\/www.funkspiel-maistadt.de\/blog\/?page_id=2800"},"modified":"2020-11-04T11:34:28","modified_gmt":"2020-11-04T10:34:28","slug":"terminplanung-teamkalender","status":"publish","type":"page","link":"https:\/\/www.funkspiel-maistadt.de\/blog\/appendix\/terminplanung-teamkalender\/","title":{"rendered":"Terminplanung \/ Teamkalender"},"content":{"rendered":"<p>Koordination und Organisation sind in einem Funkspiel das A und O. Alleine schon aufgrund der Gr\u00f6\u00dfe des Funkspiels Maistadt, muss hier besonders viel Wert darauf gelegt werden.<\/p>\n<h2>Terminplanung &#8211; Ablauf<\/h2>\n<p>Bei der Terminplanung im Funkspiel Maistadt m\u00fcssen ein paar Punkte ber\u00fccksichtigt werden. Je nach Terminart (bspw. f\u00fcr Lehrveranstaltungen oder Events) k\u00f6nnen die hierzu autorisierten Stellen (Dezernate \/ Sachgebiete \/ Fachbereiche) einen entsprechenden Termin in den Kalender <strong>Terminplanung<\/strong> (blau) als <strong>vorl\u00e4ufigen<\/strong>\u00a0oder <strong>best\u00e4tigten <\/strong>Termin\u00a0eintragen.<\/p>\n<h2>Teamkalender &#8211; Revision, Freigabe und Ver\u00f6ffentlichung<\/h2>\n<p>Auch im Funkspiel Maistadt arbeiten nur Menschen. Da kann es schon mal vorkommen, dass man etwas \u00fcbersehen hat. Daher werden <strong>best\u00e4tigte<\/strong> Termine aus dem Kalender <strong>Terminplanung<\/strong> vor ihrer Freigabe und der \u00dcbertragung in den <strong>Teamkalender<\/strong> gepr\u00fcft.<\/p>\n<h3><span style=\"font-family: Bitter, Georgia, serif; font-size: 22px;\">Terminplanung &#8211; Fallbeispiel 1:<\/span><\/h3>\n<h4>Feststellung &#8211; Terminfindung<\/h4>\n<p>Im Rettungsdienst Maistadt steht ein regul\u00e4rer Termin f\u00fcr ein spezifisches Ausbildungsthema im Raum (Feststellung).<\/p>\n<p>Dieses wird von den Ausbildungskoordinatoren des Dezernates III (Sachgebiet 04 &#8211; Bildungswesen) nach <span style=\"text-decoration: underline;\">Terminfindung<\/span> mit den Tutoren und Dozenten entsprechend in den o.g. Kalender <strong>Terminplanung<\/strong> \u2013 unter Ber\u00fccksichtigung bestimmter Vorgaben und Fristen \u2013 eingetragen.<\/p>\n<h4>Revision &#8211; Freigabe<\/h4>\n<p>Best\u00e4tigte Termine werden durch das Dezernat VI (Sachgebiet 09 &#8211; Head Office \/ Stabstelle 09.0.2 &#8211; Zentrale Pr\u00fcfstelle und Revision) gepr\u00fcft. Je nach Pr\u00fcfungsergebnis, wird der Termin zur Wiedervorlage dem Dezernat III vorgelegt oder im Teamkalender (maigelb) im Status &#8222;best\u00e4tigt&#8220; freigegeben.<\/p>\n<h4>Ver\u00f6ffentlichung &#8211; Werbung<\/h4>\n<p>Durch die Best\u00e4tigung ist ein Termin f\u00fcr alle Zielgruppen einseh- und belegbar. Ab diesem Zeitpunkt k\u00f6nnen zus\u00e4tzlich erweiterte Werbema\u00dfnahmen der Wach(Abteilungs)leitungen und des Dezernates V (Sachgebiet 07 &#8211; Eventmanagement) eingeleitet und vorgenommen werden.<\/p>\n","protected":false},"excerpt":{"rendered":"<p>Koordination und Organisation sind in einem Funkspiel das A und O. Alleine schon aufgrund der Gr\u00f6\u00dfe des Funkspiels Maistadt, muss hier besonders viel Wert darauf gelegt werden. Terminplanung &#8211; Ablauf Bei der Terminplanung im Funkspiel Maistadt m\u00fcssen ein paar Punkte ber\u00fccksichtigt werden. Je nach Terminart (bspw. f\u00fcr Lehrveranstaltungen oder Events) k\u00f6nnen die hierzu autorisierten Stellen [&hellip;]<\/p>\n","protected":false},"author":4,"featured_media":2729,"parent":2232,"menu_order":0,"comment_status":"closed","ping_status":"closed","template":"","meta":{"footnotes":""},"class_list":["post-2800","page","type-page","status-publish","has-post-thumbnail","hentry"],"_links":{"self":[{"href":"https:\/\/www.funkspiel-maistadt.de\/blog\/wp-json\/wp\/v2\/pages\/2800","targetHints":{"allow":["GET"]}}],"collection":[{"href":"https:\/\/www.funkspiel-maistadt.de\/blog\/wp-json\/wp\/v2\/pages"}],"about":[{"href":"https:\/\/www.funkspiel-maistadt.de\/blog\/wp-json\/wp\/v2\/types\/page"}],"author":[{"embeddable":true,"href":"https:\/\/www.funkspiel-maistadt.de\/blog\/wp-json\/wp\/v2\/users\/4"}],"replies":[{"embeddable":true,"href":"https:\/\/www.funkspiel-maistadt.de\/blog\/wp-json\/wp\/v2\/comments?post=2800"}],"version-history":[{"count":0,"href":"https:\/\/www.funkspiel-maistadt.de\/blog\/wp-json\/wp\/v2\/pages\/2800\/revisions"}],"up":[{"embeddable":true,"href":"https:\/\/www.funkspiel-maistadt.de\/blog\/wp-json\/wp\/v2\/pages\/2232"}],"wp:featuredmedia":[{"embeddable":true,"href":"https:\/\/www.funkspiel-maistadt.de\/blog\/wp-json\/wp\/v2\/media\/2729"}],"wp:attachment":[{"href":"https:\/\/www.funkspiel-maistadt.de\/blog\/wp-json\/wp\/v2\/media?parent=2800"}],"curies":[{"name":"wp","href":"https:\/\/api.w.org\/{rel}","templated":true}]}}