{"id":2766,"date":"2020-09-10T14:01:45","date_gmt":"2020-09-10T12:01:45","guid":{"rendered":"https:\/\/www.funkspiel-maistadt.de\/blog\/?page_id=2766"},"modified":"2020-09-10T14:12:48","modified_gmt":"2020-09-10T12:12:48","slug":"maistadt-archivnummer-man","status":"publish","type":"page","link":"https:\/\/www.funkspiel-maistadt.de\/blog\/appendix\/maistadt-archivnummer-man\/","title":{"rendered":"Maistadt Archivnummer (MAN)"},"content":{"rendered":"<p><em>Was ist die Maistadt Archivnummer (MAN) und f\u00fcr was wird sie genutzt?<\/em><\/p>\n<p>Die Maistadt Archivnummer, auch &#8222;MAN&#8220; genannt, ist eine 13-stellige, einmalig vergebene (unique) Zahl. Oftmals wird sie auf ausgeh\u00e4ndigten Materialien (Foliens\u00e4tzen, Handouts u. \u00c4.) in Form eines EAN-13-Barcode angebracht.<\/p>\n<figure id=\"attachment_2767\" aria-describedby=\"caption-attachment-2767\" style=\"width: 226px\" class=\"wp-caption aligncenter\"><img loading=\"lazy\" decoding=\"async\" class=\"wp-image-2767 size-full\" src=\"https:\/\/www.funkspiel-maistadt.de\/blog\/wp-content\/uploads\/2020\/09\/man-specimen.png\" alt=\"MAN\" width=\"226\" height=\"100\" \/><figcaption id=\"caption-attachment-2767\" class=\"wp-caption-text\">MAN<\/figcaption><\/figure>\n<h2>Anwendung<\/h2>\n<p>Alle angefertigten und ver\u00f6ffentlichten Materialien ben\u00f6tigen eine MAN, um Zuordnung, Herkunft und Authentizit\u00e4t \u00fcber MARS (Maistadt Archivsystem) zu dokumentieren.<\/p>\n<p>Bei ausgeh\u00e4ndigten Medien (siehe oben) ist die MAN, wie bereits erw\u00e4hnt, sichtbar angebracht. Bei Inhalten, die aufgrund ihrer Pr\u00e4sentationsform keine Zweifel an der Authentizit\u00e4t erm\u00f6glichen, ist die MAN in der Regel nicht ver\u00f6ffentlicht.<\/p>\n<h2>Aufbau<\/h2>\n<pre>97 - 802 013 796 2 - 4<\/pre>\n<p>Die 13-stellige MAN ist nach einem einheitlichen Muster aufgebaut.<\/p>\n<p>Ziffern <strong>1<\/strong> und <strong>2<\/strong>: Standardisierte Kennzahl der thematischen <strong>Zuordnung<\/strong>.<\/p>\n<p><em>In unserem Beispiel steht die 97 f\u00fcr jedweden regulatorischen Dienstvorgang zwischen Administration und Moderation.<\/em><\/p>\n<p>Ziffern <strong>3<\/strong> bis <strong>12<\/strong>: Generierte Zufallszahl. MAD-Algorithmus 3.<\/p>\n<p>Ziffer <strong>13<\/strong>: Pr\u00fcfziffer. Sicherstellung der fehlerfreien, vorausgegangene Ziffernfolge. Luhn-Algorithmus.<\/p>\n<pre>Zuordnung - Zufallszahl - Pr\u00fcfziffer<\/pre>\n<h3>Hinweis<\/h3>\n<p>Bei jeder \u00c4nderung der <a href=\"https:\/\/www.funkspiel-maistadt.de\/blog\/2020\/09\/welche-bedeutung-hat-die-versionsnummer\/\">Hauptversionsnummer<\/a> ist eine neue MAN zu generieren.<\/p>\n<p>Vergeben werden <strong>Maistadt Archivnummern<\/strong> \u00fcber das Dezernat IV (Contentverwaltung), SG 06, FB 06.4.<\/p>\n","protected":false},"excerpt":{"rendered":"<p>Was ist die Maistadt Archivnummer (MAN) und f\u00fcr was wird sie genutzt? Die Maistadt Archivnummer, auch &#8222;MAN&#8220; genannt, ist eine 13-stellige, einmalig vergebene (unique) Zahl. Oftmals wird sie auf ausgeh\u00e4ndigten Materialien (Foliens\u00e4tzen, Handouts u. \u00c4.) in Form eines EAN-13-Barcode angebracht. Anwendung Alle angefertigten und ver\u00f6ffentlichten Materialien ben\u00f6tigen eine MAN, um Zuordnung, Herkunft und Authentizit\u00e4t \u00fcber [&hellip;]<\/p>\n","protected":false},"author":4,"featured_media":2645,"parent":2232,"menu_order":0,"comment_status":"closed","ping_status":"closed","template":"","meta":{"footnotes":""},"class_list":["post-2766","page","type-page","status-publish","has-post-thumbnail","hentry"],"_links":{"self":[{"href":"https:\/\/www.funkspiel-maistadt.de\/blog\/wp-json\/wp\/v2\/pages\/2766","targetHints":{"allow":["GET"]}}],"collection":[{"href":"https:\/\/www.funkspiel-maistadt.de\/blog\/wp-json\/wp\/v2\/pages"}],"about":[{"href":"https:\/\/www.funkspiel-maistadt.de\/blog\/wp-json\/wp\/v2\/types\/page"}],"author":[{"embeddable":true,"href":"https:\/\/www.funkspiel-maistadt.de\/blog\/wp-json\/wp\/v2\/users\/4"}],"replies":[{"embeddable":true,"href":"https:\/\/www.funkspiel-maistadt.de\/blog\/wp-json\/wp\/v2\/comments?post=2766"}],"version-history":[{"count":0,"href":"https:\/\/www.funkspiel-maistadt.de\/blog\/wp-json\/wp\/v2\/pages\/2766\/revisions"}],"up":[{"embeddable":true,"href":"https:\/\/www.funkspiel-maistadt.de\/blog\/wp-json\/wp\/v2\/pages\/2232"}],"wp:featuredmedia":[{"embeddable":true,"href":"https:\/\/www.funkspiel-maistadt.de\/blog\/wp-json\/wp\/v2\/media\/2645"}],"wp:attachment":[{"href":"https:\/\/www.funkspiel-maistadt.de\/blog\/wp-json\/wp\/v2\/media?parent=2766"}],"curies":[{"name":"wp","href":"https:\/\/api.w.org\/{rel}","templated":true}]}}