{"id":2725,"date":"2014-05-28T09:00:43","date_gmt":"2014-05-28T07:00:43","guid":{"rendered":"https:\/\/www.funkspiel-maistadt.de\/blog\/?page_id=2725"},"modified":"2020-09-23T10:57:09","modified_gmt":"2020-09-23T08:57:09","slug":"magistrat-magistratur","status":"publish","type":"page","link":"https:\/\/www.funkspiel-maistadt.de\/blog\/appendix\/magistrat-magistratur\/","title":{"rendered":"Magistrat \/ Magistratur"},"content":{"rendered":"<p>Der Magistrat (Magistratur) ist im Funkspiel Maistadt ein nichtst\u00e4ndiges Kollegialorgan im Rahmen der Projektf\u00fchrung &#8222;Funkspiel Maistadt&#8220;. Dieses Kollegialorgan besitzt besondere Entscheidungsgewalt und Weisungsbefugnisse.<\/p>\n<h2>Zusammensetzung Magistrat<\/h2>\n<p>Nach Einberufung setzt sich der Magistrat aus gleichen Teilen der drei st\u00e4ndigen Interessensvertretungen (Funkspielleitung, Mitgliederschaft, Gr\u00fcnderrat) zusammen.<\/p>\n<p>Jede Einsetzung \/ Amtsperiode eines Magistrats ist zeitlich befristet. Die Befristung unterscheiden sich nach den Gr\u00fcnden der Einberufung. Au\u00dferhalb der Einsetzung wird der Magistrat durch die Projektleitung vertreten.<\/p>\n<h2>Einberufung, Amtsperiode und Aufl\u00f6sung<\/h2>\n<p>Der Magistrat wird satzungsgem\u00e4\u00df oder auf Antrag einer absoluten Mehrheit der Mitgliederschaft einberufen. Die Entsendungen der o.g. Interessenvertretungen erfolgen gesondert und unter eigenen Vorgaben.<\/p>\n<p>Mit jeder Einberufung ist die Dauer des eingesetzten Magistrats zu nennen. Diese darf 6 Monate nicht \u00fcberschreiten.<\/p>\n<p>Mit jedweder Erledigung des Einsetzungsgrundes oder Ablauf vordatierter, befristeter Perioden l\u00f6st sich der Magistrat eigenst\u00e4ndig auf.<\/p>\n<p>Der Magistrat hat die M\u00f6glichkeit, bei der Projektleitung um seine (vorzeitige) Aufl\u00f6sung zu bitten. Die au\u00dferordentliche Aufl\u00f6sung erfolgt auf Bitte oder bei Vertrauensentzug durch die Projektleitung. Ein Vertrauensentzug kann durch <strong>einfache<\/strong> Zweidrittelmehrheit der Mitgliederschaft oder durch die Projektleitung ausgesprochen werden.<\/p>\n","protected":false},"excerpt":{"rendered":"<p>Der Magistrat (Magistratur) ist im Funkspiel Maistadt ein nichtst\u00e4ndiges Kollegialorgan im Rahmen der Projektf\u00fchrung &#8222;Funkspiel Maistadt&#8220;. Dieses Kollegialorgan besitzt besondere Entscheidungsgewalt und Weisungsbefugnisse. Zusammensetzung Magistrat Nach Einberufung setzt sich der Magistrat aus gleichen Teilen der drei st\u00e4ndigen Interessensvertretungen (Funkspielleitung, Mitgliederschaft, Gr\u00fcnderrat) zusammen. Jede Einsetzung \/ Amtsperiode eines Magistrats ist zeitlich befristet. Die Befristung unterscheiden sich [&hellip;]<\/p>\n","protected":false},"author":4,"featured_media":2787,"parent":2232,"menu_order":0,"comment_status":"closed","ping_status":"closed","template":"","meta":{"footnotes":""},"class_list":["post-2725","page","type-page","status-publish","has-post-thumbnail","hentry"],"_links":{"self":[{"href":"https:\/\/www.funkspiel-maistadt.de\/blog\/wp-json\/wp\/v2\/pages\/2725","targetHints":{"allow":["GET"]}}],"collection":[{"href":"https:\/\/www.funkspiel-maistadt.de\/blog\/wp-json\/wp\/v2\/pages"}],"about":[{"href":"https:\/\/www.funkspiel-maistadt.de\/blog\/wp-json\/wp\/v2\/types\/page"}],"author":[{"embeddable":true,"href":"https:\/\/www.funkspiel-maistadt.de\/blog\/wp-json\/wp\/v2\/users\/4"}],"replies":[{"embeddable":true,"href":"https:\/\/www.funkspiel-maistadt.de\/blog\/wp-json\/wp\/v2\/comments?post=2725"}],"version-history":[{"count":0,"href":"https:\/\/www.funkspiel-maistadt.de\/blog\/wp-json\/wp\/v2\/pages\/2725\/revisions"}],"up":[{"embeddable":true,"href":"https:\/\/www.funkspiel-maistadt.de\/blog\/wp-json\/wp\/v2\/pages\/2232"}],"wp:featuredmedia":[{"embeddable":true,"href":"https:\/\/www.funkspiel-maistadt.de\/blog\/wp-json\/wp\/v2\/media\/2787"}],"wp:attachment":[{"href":"https:\/\/www.funkspiel-maistadt.de\/blog\/wp-json\/wp\/v2\/media?parent=2725"}],"curies":[{"name":"wp","href":"https:\/\/api.w.org\/{rel}","templated":true}]}}