{"id":2215,"date":"2018-02-12T13:08:04","date_gmt":"2018-02-12T12:08:04","guid":{"rendered":"https:\/\/www.funkspiel-maistadt.de\/blog\/?page_id=2215"},"modified":"2018-02-12T13:08:04","modified_gmt":"2018-02-12T12:08:04","slug":"einsatzleitfaden-maistadt","status":"publish","type":"page","link":"https:\/\/www.funkspiel-maistadt.de\/blog\/faq\/einsatzleitfaden-maistadt\/","title":{"rendered":"Einsatzleitfaden Maistadt. Das Grundgesetz im Einsatz"},"content":{"rendered":"<p>Was ist der <strong>Einsatzleitfaden Maistadt<\/strong>?<\/p>\n<p>Der <strong>Einsatzleitfaden Maistadt<\/strong> ist das grundlegende Regelwerk f\u00fcr Einsatzablauf, Einsatzgestaltung und Einsatzverhalten im <samp>Funkspiel Maistadt<\/samp>.<\/p>\n<p>Auf dem <strong>Einsatzleitfaden Maistadt<\/strong> basieren alle Einsatzleitf\u00e4den der verschiedenen Organisationen.<\/p>\n<h2>Einsatzleitfaden: Notwendigkeit<\/h2>\n<p>So mancher Realitit\u00e4tsfanatiker und Tellerrandw\u00e4chter vergisst, dass man die Thematik und Umsetzung <em>Funkspiel<\/em> an die technischen Voraussetzungen, wie beispielsweise <a href=\"https:\/\/www.funkspiel-maistadt.de\/blog\/tag\/leitstellensystem\/\">Leitstellensystem<\/a> oder <a href=\"https:\/\/www.funkspiel-maistadt.de\/blog\/tag\/teamspeak\/\">Teamspeak<\/a>, anpassen muss, um einem realit\u00e4tsnahem Ablauf gerecht zu werden.<\/p>\n<p>Im <samp>Funkspiel Maistadt<\/samp> \u00fcbernimmt diese grundlegende Koordination und Typisierung der <strong>Einsatzleitfaden Maistadt<\/strong>. \u00c4hnlich dem Grundgesetz basieren auf ihm die Einsatzleitf\u00e4den der Organisationen (Feuerwehr, Rettungsdienst, Polizei, Wasserrettung, Technisches Hilfswerk, Leitstelle) sowie weitere Einsatzvorgaben und Regulierungen.<\/p>\n","protected":false},"excerpt":{"rendered":"<p>Was ist der Einsatzleitfaden Maistadt? Der Einsatzleitfaden Maistadt ist das grundlegende Regelwerk f\u00fcr Einsatzablauf, Einsatzgestaltung und Einsatzverhalten im Funkspiel Maistadt. Auf dem Einsatzleitfaden Maistadt basieren alle Einsatzleitf\u00e4den der verschiedenen Organisationen. Einsatzleitfaden: Notwendigkeit So mancher Realitit\u00e4tsfanatiker und Tellerrandw\u00e4chter vergisst, dass man die Thematik und Umsetzung Funkspiel an die technischen Voraussetzungen, wie beispielsweise Leitstellensystem oder Teamspeak, anpassen [&hellip;]<\/p>\n","protected":false},"author":4,"featured_media":2166,"parent":1930,"menu_order":0,"comment_status":"closed","ping_status":"open","template":"","meta":{"footnotes":""},"class_list":["post-2215","page","type-page","status-publish","has-post-thumbnail","hentry"],"_links":{"self":[{"href":"https:\/\/www.funkspiel-maistadt.de\/blog\/wp-json\/wp\/v2\/pages\/2215","targetHints":{"allow":["GET"]}}],"collection":[{"href":"https:\/\/www.funkspiel-maistadt.de\/blog\/wp-json\/wp\/v2\/pages"}],"about":[{"href":"https:\/\/www.funkspiel-maistadt.de\/blog\/wp-json\/wp\/v2\/types\/page"}],"author":[{"embeddable":true,"href":"https:\/\/www.funkspiel-maistadt.de\/blog\/wp-json\/wp\/v2\/users\/4"}],"replies":[{"embeddable":true,"href":"https:\/\/www.funkspiel-maistadt.de\/blog\/wp-json\/wp\/v2\/comments?post=2215"}],"version-history":[{"count":0,"href":"https:\/\/www.funkspiel-maistadt.de\/blog\/wp-json\/wp\/v2\/pages\/2215\/revisions"}],"up":[{"embeddable":true,"href":"https:\/\/www.funkspiel-maistadt.de\/blog\/wp-json\/wp\/v2\/pages\/1930"}],"wp:featuredmedia":[{"embeddable":true,"href":"https:\/\/www.funkspiel-maistadt.de\/blog\/wp-json\/wp\/v2\/media\/2166"}],"wp:attachment":[{"href":"https:\/\/www.funkspiel-maistadt.de\/blog\/wp-json\/wp\/v2\/media?parent=2215"}],"curies":[{"name":"wp","href":"https:\/\/api.w.org\/{rel}","templated":true}]}}